{"id":265,"date":"2012-05-26T14:14:15","date_gmt":"2012-05-26T14:14:15","guid":{"rendered":"https:\/\/oncoestetica.es\/blog\/?page_id=265"},"modified":"2017-03-28T14:53:35","modified_gmt":"2017-03-28T12:53:35","slug":"quimioterapia","status":"publish","type":"page","link":"https:\/\/oncoestetica.es\/blog\/index.php\/quimioterapia\/","title":{"rendered":"Quimioterapia"},"content":{"rendered":"<p>Cuando hablamos de <strong>efectos secundarios<\/strong> derivados tratamientos como la<strong> quimioterapia<\/strong> pensamos en el estado f\u00edsico del paciente de una manera cl\u00ednica, malestar, debilidad, cansancio, etc&#8230;<\/p>\n<p>Pero este tipo de tratamientos pueden producir <strong>cambios est\u00e9ticos que afectan sin ninguna duda en el estado de \u00e1nimo<\/strong> del paciente y que suponen un momento muy delicado psicol\u00f3gicamente.<\/p>\n<blockquote><p>La <strong>quimioterapia<\/strong> es un tratamiento que <strong>afecta a todas las c\u00e9lulas del cuerpo.<\/strong><\/p><\/blockquote>\n<p>Incluidas las de la<strong> epidermis (piel)<\/strong> por lo que en ocasiones puede alterarla ligeramente produciendo sequedad, aunque no tiene porque aparecer en todos los casos, ya que los efectos secundarios var\u00edan en funci\u00f3n del tipo de quimioterapia.<\/p>\n<p><strong>Durante el tratamiento<\/strong>, es necesario evitar cualquier riesgo de irritaci\u00f3n o infecci\u00f3n y hay que tener especial cuidado con la piel: ahora es mas fr\u00e1gil y hay que tomas las debidas precauciones.<\/p>\n<p><img loading=\"lazy\" decoding=\"async\" class=\"size-full wp-image-4472 aligncenter\" src=\"https:\/\/oncoestetica.es\/blog\/wp-content\/uploads\/efectos-de-la-quimioterapia.jpg\" alt=\"efectos de la quimioterapia\" width=\"450\" height=\"300\" srcset=\"https:\/\/oncoestetica.es\/blog\/wp-content\/uploads\/efectos-de-la-quimioterapia.jpg 450w, https:\/\/oncoestetica.es\/blog\/wp-content\/uploads\/efectos-de-la-quimioterapia-300x200.jpg 300w\" sizes=\"auto, (max-width: 450px) 100vw, 450px\" \/><\/p>\n<h3 style=\"text-align: center;\">\u00bfQuieres informaci\u00f3n sobre efectos de la Quimioterapia?<\/h3>\n<p style=\"text-align: center;\"><a href=\"https:\/\/oncoestetica.es\/blog\/index.php\/efectos-de-la-quimioterapia-en-el-cabello\/\" target=\"_blank\">Efectos de la Quimioterapia en el Cabello<\/a><\/p>\n<p style=\"text-align: center;\"><a href=\"https:\/\/oncoestetica.es\/blog\/index.php\/efectos-de-la-quimioterapia-en-la-piel\/\" target=\"_blank\">Efectos de la Quimioterapia en la Piel<\/a><\/p>\n<p style=\"text-align: center;\"><a href=\"https:\/\/oncoestetica.es\/blog\/index.php\/efectos-de-la-quimioterapia-en-cejas-pestanas-y-unas\/\" target=\"_blank\">Efectos de la Quimioterapia en cejas, pesta\u00f1as y u\u00f1as<\/a><\/p>\n","protected":false},"excerpt":{"rendered":"<p>Cuando hablamos de efectos secundarios derivados tratamientos como la quimioterapia pensamos en el estado f\u00edsico del paciente de una manera cl\u00ednica, malestar, debilidad, cansancio, etc&#8230; Pero este tipo de tratamientos pueden producir cambios est\u00e9ticos que afectan sin ninguna duda en el estado de \u00e1nimo del paciente y que suponen un momento muy delicado psicol\u00f3gicamente. La [&hellip;]<\/p>\n","protected":false},"author":1,"featured_media":0,"parent":0,"menu_order":0,"comment_status":"open","ping_status":"closed","template":"","meta":{"_et_pb_use_builder":"","_et_pb_old_content":"","_et_gb_content_width":"","footnotes":""},"class_list":["post-265","page","type-page","status-publish","hentry"],"_links":{"self":[{"href":"https:\/\/oncoestetica.es\/blog\/index.php\/wp-json\/wp\/v2\/pages\/265","targetHints":{"allow":["GET"]}}],"collection":[{"href":"https:\/\/oncoestetica.es\/blog\/index.php\/wp-json\/wp\/v2\/pages"}],"about":[{"href":"https:\/\/oncoestetica.es\/blog\/index.php\/wp-json\/wp\/v2\/types\/page"}],"author":[{"embeddable":true,"href":"https:\/\/oncoestetica.es\/blog\/index.php\/wp-json\/wp\/v2\/users\/1"}],"replies":[{"embeddable":true,"href":"https:\/\/oncoestetica.es\/blog\/index.php\/wp-json\/wp\/v2\/comments?post=265"}],"version-history":[{"count":18,"href":"https:\/\/oncoestetica.es\/blog\/index.php\/wp-json\/wp\/v2\/pages\/265\/revisions"}],"predecessor-version":[{"id":4476,"href":"https:\/\/oncoestetica.es\/blog\/index.php\/wp-json\/wp\/v2\/pages\/265\/revisions\/4476"}],"wp:attachment":[{"href":"https:\/\/oncoestetica.es\/blog\/index.php\/wp-json\/wp\/v2\/media?parent=265"}],"curies":[{"name":"wp","href":"https:\/\/api.w.org\/{rel}","templated":true}]}}