{"id":278,"date":"2012-05-26T14:55:51","date_gmt":"2012-05-26T14:55:51","guid":{"rendered":"https:\/\/oncoestetica.es\/blog\/?page_id=278"},"modified":"2020-10-06T16:53:39","modified_gmt":"2020-10-06T14:53:39","slug":"efectos-de-la-quimioterapia-en-el-cabello","status":"publish","type":"page","link":"https:\/\/oncoestetica.es\/blog\/index.php\/efectos-de-la-quimioterapia-en-el-cabello\/","title":{"rendered":"Efectos de la Quimioterapia en el Cabello."},"content":{"rendered":"<p>La <strong>ca\u00edda del cabello<\/strong> es uno de los s\u00edntomas que aparecen m\u00e1s frecuentemente como <strong>consecuencia del tratamiento oncol\u00f3gico<\/strong>, llegando a provocar en ocasiones un importante <strong>malestar psicol\u00f3gico<\/strong>.Una de las principales preocupaciones de las personas que comienzan un <strong>proceso oncol\u00f3gico<\/strong> es, sin duda, la <strong>p\u00e9rdida de cabello<\/strong>.<\/p>\n<p>Durante el proceso de quimioterapia y debido a la acci\u00f3n de determinados f\u00e1rmacos, <strong>el fol\u00edculo piloso, encargado de producir cabello, queda inactivo temporalmente<\/strong>, por eso, el cabello se cae. Posteriormente a terminar la quimioterapia el cabello vuelve a crecer de nuevo.<\/p>\n<blockquote>\n<p style=\"text-align: center;\">La <strong>quimioterapia<\/strong> act\u00faa directamente <strong>sobre el crecimiento celular<\/strong>.<\/p>\n<\/blockquote>\n<p>El cabello es una estructura celular formada por queratina, cuyas c\u00e9lulas crecen r\u00e1pidamente. Ante el efecto de la quimioterapia, el cabello se paraliza, deja de proliferar y se cae TEMPORALMENTE. <strong>Mientras dura el tratamiento en la mayor\u00eda de los casos el cabello deja de crecer<\/strong>.<\/p>\n<h2 style=\"text-align: center;\"><span style=\"color: #800000;\">\u00bfCuando se cae el cabello?<\/span><\/h2>\n<p>Habitualmente y seg\u00fan nuestra experiencia, tarda en comenzar a caer <strong>entre 17 y 20 d\u00edas despu\u00e9s del primer ciclo de tratamiento<\/strong>. Hasta ese momento es normal no notar ning\u00fan cambio significativo en el cabello a pesar de haber recibido ya el primer tratamiento.<\/p>\n<p>Una vez transcurridos esos <strong>17 d\u00edas aproximadamente<\/strong>, se empieza a notar una <strong>ca\u00edda de cabello<\/strong> importante, aunque no lo suficientemente masiva como para perder todo el cabello en horas, como se puede llegar a pensar.<\/p>\n<p>Durante <strong>2 o 3 d\u00edas notar\u00e1 un aumento de esa p\u00e9rdida de cabello<\/strong> acompa\u00f1ado de un aspecto diferente en cuanto al volumen y naturalidad.<\/p>\n<blockquote>\n<p style=\"text-align: center;\"><strong>No es aconsejable lavarlo una vez que ha empezado el proceso de ca\u00edda<\/strong>.<\/p>\n<\/blockquote>\n<div>Es habitual apreciar una peque\u00f1a <strong>molestia en la ra\u00edz del cabello<\/strong> uno o dos d\u00edas antes de notar la ca\u00edda del cabello. En las personas que tienen <strong>m\u00e1s cantidad de cabello<\/strong>, lo pueden sufrir m\u00e1s, en ocasiones hasta molestias m\u00e1s fuertes y picor. Notan un gran alivio cuando el cabello comienza a caer y lo cortamos.<\/div>\n<div>\n<h2 style=\"text-align: center;\"><strong><span style=\"color: #800000;\">\u21d3<\/span>MOLESTIAS EN EL CUERO CABELLUDO<span style=\"color: #800000;\">\u21d3<\/span><\/strong><\/h2>\n<p>Durante los d\u00edas previos a la<strong> ca\u00edda del cabello por quimioterapia<\/strong>, se puede notar una molestia en la ra\u00edz que es m\u00e1s acentuada en personas que tienen mucho cabello, sobre todo en coronilla y los cl\u00e1sicos \u201cremolinos\u201d. En esas zonas, la densidad de fol\u00edculos pilosos es mayor, por lo que pueden <strong>sentir molestias<\/strong> al rozar el cabello, peinar, apoyar la cabeza en la almohada, etc&#8230;<\/p>\n<blockquote>\n<p style=\"text-align: center;\"><em>Esta situaci\u00f3n en muy habitual y se produce unos dos d\u00edas antes de la <strong>ca\u00edda del cabello<\/strong>.<\/em><\/p>\n<\/blockquote>\n<p>Muchas personas nos comentan que notan una molestia muy similar a cuando llevas mucho tiempo el cabello recogido con una coleta, o cuando te cambias la raya de lado despu\u00e9s de un tiempo, es como si las ra\u00edces estuvieran mucho m\u00e1s sensibles. Todos estos s\u00edntomas previos a la <strong>ca\u00edda del cabello<\/strong> son normales.<\/p>\n<p>Por otra parte, una vez que el cabello comienza a caer, se nota un gran alivio cuando lo cortamos. Lo mejor es hacerlo cuanto antes\u2026<\/p>\n<p>Para <strong>aliviar estos s\u00edntomas<\/strong>, lo primero, es aplicar los productos adecuados. Como c<strong>hamp\u00fa org\u00e1nico<\/strong> para <strong>cuero cabelludo sensible de <a href=\"https:\/\/oncoestetica.es\/buscar?fc=module&amp;module=leoproductsearch&amp;controller=productsearch&amp;orderby=position&amp;orderway=desc&amp;cate=&amp;search_query=apivita\" target=\"_blank\" rel=\"noopener noreferrer\">Apivita<\/a><\/strong> o <strong>champ\u00fa Biol\u00f3gico<\/strong> con manzanilla y <strong>aloe de <a href=\"https:\/\/oncoestetica.es\/buscar?fc=module&amp;module=leoproductsearch&amp;controller=productsearch&amp;orderby=position&amp;orderway=desc&amp;cate=&amp;search_query=helan\" target=\"_blank\" rel=\"noopener noreferrer\">Helan<\/a><\/strong>.<\/p>\n<\/div>\n<div style=\"text-align: center;\">Es importante usar en estos casos alg\u00fan <strong>champ\u00fa natural para cuero cabelludo sensible<\/strong>.<\/div>\n<h2 style=\"text-align: center;\"><span style=\"color: #800000;\"><strong><span style=\"color: #000000;\">\u21d3<\/span>APIVITA PROPOLINE<span style=\"color: #000000;\">\u21d3<\/span><\/strong><\/span><\/h2>\n<div><\/div>\n<div><a href=\"https:\/\/oncoestetica.es\/champu-para-cuero-cabelludo-sensible\" target=\"_blank\" rel=\"noopener noreferrer\"><img loading=\"lazy\" decoding=\"async\" class=\"size-full wp-image-4266 aligncenter\" src=\"https:\/\/oncoestetica.es\/blog\/wp-content\/uploads\/champu-apivita-1.jpg\" alt=\"champu apivita\" width=\"450\" height=\"450\" srcset=\"https:\/\/oncoestetica.es\/blog\/wp-content\/uploads\/champu-apivita-1.jpg 450w, https:\/\/oncoestetica.es\/blog\/wp-content\/uploads\/champu-apivita-1-150x150.jpg 150w, https:\/\/oncoestetica.es\/blog\/wp-content\/uploads\/champu-apivita-1-300x300.jpg 300w\" sizes=\"auto, (max-width: 450px) 100vw, 450px\" \/><\/a><\/div>\n<blockquote>\n<div style=\"text-align: center;\">\n<p><span style=\"color: #800000;\"><em>Se recomienda dejar actuar la espuma unos dos minutos para un mayor efecto de alivio.<\/em><\/span><\/p>\n<\/div>\n<\/blockquote>\n<div style=\"text-align: center;\">\n<h3>Champ\u00fa y gel de ducha todo en uno <span style=\"color: #800000;\">\u2192<\/span>\u00a0Suave con tu piel.<\/h3>\n<p>ONC DERMOLOGY COSM\u00c9TICA ONCOL\u00d3GICA<\/p>\n<\/div>\n<div><\/div>\n<div><a href=\"https:\/\/oncoestetica.es\/cosmetica-natural\/onc-shower-gel-de-ducha-y-cabello.html\"><img loading=\"lazy\" decoding=\"async\" class=\"alignnone wp-image-4671 aligncenter\" src=\"https:\/\/oncoestetica.es\/blog\/wp-content\/uploads\/gel-ducha-onc-dermology.jpg\" alt=\"gel ducha onc dermology\" width=\"369\" height=\"354\" srcset=\"https:\/\/oncoestetica.es\/blog\/wp-content\/uploads\/gel-ducha-onc-dermology.jpg 440w, https:\/\/oncoestetica.es\/blog\/wp-content\/uploads\/gel-ducha-onc-dermology-300x288.jpg 300w\" sizes=\"auto, (max-width: 369px) 100vw, 369px\" \/><\/a><\/div>\n<div><\/div>\n<div>Recordamos que<strong> no se debe afeitar el cabello<\/strong>, sino rasurar muy corto con la maquinilla a 2mm aproximadamente (como se conoce popularmente al 1).<\/div>\n<div>De esta forma,\u00a0\u00a0facilitamos que se desprenda mejor con los lavados y no se quede dentro del poro.<\/div>\n<div><\/div>\n<div>No debes <strong>aplicar gel de ducha<\/strong> en el <strong>cuero cabelludo<\/strong> aunque ya no tengas cabello, siempre champ\u00fa suave y natural. Y tampoco debes aplicar cremas corporales en la cabeza, pueden obstruir el poro.<\/div>\n<div><\/div>\n<div>Recomendamos lociones termales o lociones para el cuero cabelludo con efecto hidratante, tonificante o calmante seg\u00fan necesites.<\/div>\n<div><\/div>\n<div><a href=\"https:\/\/oncoestetica.es\/cuidado-corporal\/onc-thermal-lotion-sequedad-irritaciones-integral.html\"><img loading=\"lazy\" decoding=\"async\" class=\"alignnone wp-image-4702 aligncenter\" src=\"https:\/\/oncoestetica.es\/blog\/wp-content\/uploads\/onc-dermology-1.jpg\" alt=\"onc dermology\" width=\"370\" height=\"355\" srcset=\"https:\/\/oncoestetica.es\/blog\/wp-content\/uploads\/onc-dermology-1.jpg 440w, https:\/\/oncoestetica.es\/blog\/wp-content\/uploads\/onc-dermology-1-300x288.jpg 300w\" sizes=\"auto, (max-width: 370px) 100vw, 370px\" \/><\/a><\/div>\n<div><\/div>\n<div>Elige <a href=\"https:\/\/oncoestetica.es\/categoria\/pelucas-raquel-welch-alopecia-quimioterapia\" target=\"_blank\" rel=\"noopener noreferrer\"><strong>la peluca m\u00e1s adecuada a tu estilo (estamos para asesorarte)<\/strong> <\/a>y si decides cogerla m\u00e1s cortita que tu pelo, estar\u00e1s acertando, ya que cuando empiece a crecer llevar\u00e1s el pelo corto una buena temporada y ya te habr\u00e1s ido acostumbrado a una imagen con el cabello m\u00e1s corto.<\/div>\n<h2 style=\"text-align: center;\"><span style=\"color: #800000;\">\u00bfCu\u00e1ndo vuelve a crecer el cabello?<\/span><\/h2>\n<p>Una vez terminada la quimioterapia, el cabello empieza a crecer <strong>aproximadamente a los 40 d\u00edas despu\u00e9s del \u00faltimo ciclo de tratamiento<\/strong>. El cabello crece a raz\u00f3n de 1cm al mes aproximadamente, por lo que todav\u00eda necesitar\u00e1s del uso de complementos, pa\u00f1uelos y peluca durante unos 3-4 meses m\u00e1s.<\/p>\n<h2 style=\"text-align: center;\"><span style=\"color: #800000;\">\u00bfQu\u00e9 debo hacer ante esta nueva situaci\u00f3n?<\/span><\/h2>\n<p>Muchas personas recomiendan cortar el cabello antes de que empiece a caer. Seg\u00fan mi experiencia de m\u00e1s de 25 a\u00f1os atendiendo estos casos he llegado a las siguientes conclusiones:<\/p>\n<p><span style=\"color: #800000;\"><strong>1.-<\/strong> <\/span>Si decides llevar peluca o pr\u00f3tesis capilar, <strong>decide primero que corte vas a llevar (largo, medio, corto\u2026) y no hagas cambios significativos<\/strong> en tu imagen antes de <a href=\"https:\/\/oncoestetica.es\/categoria\/pelucas-raquel-welch-alopecia-quimioterapia\" target=\"_blank\" rel=\"noopener noreferrer\">poner la peluca<\/a>. Adapta tu cabello al corte o estilo que tenga la peluca elegida. En dos semanas te adaptaras\u00a0bien a tu nueva imagen y despu\u00e9s te ser\u00e1 m\u00e1s sencillo pasar a la peluca si llevas el mismo estilo y color.<\/p>\n<p><strong><span style=\"color: #800000;\">2.-<\/span> <\/strong>Piensa si realmente quieres mantener tu imagen de siempre, o si puedes adaptarte a peque\u00f1os cambios en tu cabello.<\/p>\n<p>\u00bfPor qu\u00e9 digo esto?<\/p>\n<p>Si llevas el cabello muy largo, a lo mejor es el momento de darle un corte m\u00e1s apropiado para \u00e9ste momento, sobre todo pensando en que cuando te nazca de nuevo, y te quites la peluca, lo tendr\u00e1s m\u00e1s cortito durante una temporada. <strong>Cons\u00faltanos todas las dudas que te puedan surgir. Env\u00edanos fotos de tu caso y te asesoraremos sobre los diferentes estilos y cortes m\u00e1s adecuados<\/strong>.<\/p>\n<p><span style=\"color: #800000;\"><strong>3.-<\/strong><\/span> Nada m\u00e1s empezar con el proceso de ca\u00edda, <strong>acude a nosotros para adapt\u00e1rtela, o, si no fuera posible, a un centro especializado.<\/strong><\/p>\n<p>En ese momento cortaremos\u00a0tu cabello y realizaremos el proceso de ajuste en una zona privada. Adem\u00e1s te explicaremos el mantenimiento, colocaci\u00f3n y cuidados que necesita.<\/p>\n<p><span style=\"color: #800000;\"><strong>4.-<\/strong> <\/span>Otros elementos indispensables son los \u00a0<strong>gorros y pa\u00f1uelos oncol\u00f3gicos, que te servir\u00e1n para determinados momentos en los que prefieras descansar de la peluca<\/strong>. Adem\u00e1s de ser muy c\u00f3modos necesitas una protecci\u00f3n adecuada en invierno y en verano. Tambi\u00e9n son perfectamente v\u00e1lidos si decides quieres prescindir del uso de pelucas.<\/p>\n<p><span style=\"color: #800000;\"><b>5.-\u00a0<\/b><\/span>Decide si quieres una peluca de cabello sint\u00e9tico (microfibra) o de cabello natural. Nuestro consejo es muy claro:<\/p>\n<ul>\n<li><a href=\"https:\/\/oncoestetica.es\/buscar?tag=pelucas-cabello-natural\" target=\"_blank\" rel=\"noopener noreferrer\"><strong>cabello largo<\/strong><\/a>: elige peluca de pelo natural, las sint\u00e9ticas se encrespan demasiado con el roce de la melena sobre tus hombros.<\/li>\n<\/ul>\n<ul>\n<li><a href=\"https:\/\/oncoestetica.es\/categoria\/estilos-medios\" target=\"_blank\" rel=\"noopener noreferrer\"><strong>Cabello medio<\/strong><\/a>: Puedes ir muy bien con cabello sint\u00e9tico y natural.<\/li>\n<\/ul>\n<ul>\n<li><a href=\"https:\/\/oncoestetica.es\/categoria\/pelucas-oncologicas-raquel-welch-cortas\" target=\"_blank\" rel=\"noopener noreferrer\"><strong>Cabello corto<\/strong><\/a>: rotundamente cabello sint\u00e9tico.<\/li>\n<\/ul>\n<h2 style=\"text-align: center;\"><span style=\"color: #800000;\"><span style=\"color: #000000;\">\u21d3<\/span>Soluciones<span style=\"color: #000000;\">\u21d3<\/span><\/span><\/h2>\n<h2 style=\"text-align: center;\">\u00bfPeluca o Pr\u00f3tesis capilar?<\/h2>\n<p>La falta de informaci\u00f3n sobre estos productos puede llevar a una mala o inapropiada elecci\u00f3n de \u00e9ste complemento que te va a ayudar a mantener tu imagen durante el proceso. <strong>Elige aquella que te haga sentir m\u00e1s c\u00f3moda o la que te haga sentir mejor<\/strong>.Podemos dividir en 2 grandes grupos a las pelucas y pr\u00f3tesis capilares. Existen de fibra sint\u00e9tica y de cabello natural.<\/p>\n<h3><span style=\"color: #800000;\">Pelucas de Fibra Sint\u00e9tica<\/span><\/h3>\n<p>COLECCI\u00d3N <strong>RAQUEL WELCH<\/strong> POR <strong><a href=\"https:\/\/oncoestetica.es\/categoria\/pelucas-raquel-welch-alopecia-quimioterapia\" target=\"_blank\" rel=\"noopener noreferrer\">ELLEN WILLE<\/a>.\u00a0<\/strong>Est\u00e1n confeccionadas con <strong>pelo microfibra japonesa<\/strong>, y el cabello es muy parecido al pelo natural, adem\u00e1s <strong>tienen la ventaja de poder lavarlas en casa y no requieren de un profesional<\/strong> cualificado para dar forma al peinado.<\/p>\n<p>L\u00e1valas con champ\u00fa espec\u00edfico para pelucas antiest\u00e1tico, y no apliques calor con el secador. Una vez que la hayas lavado d\u00e9jala secar al aire durante toda la noche coloc\u00e1ndola en un soporte para pelucas.<\/p>\n<p style=\"text-align: center;\"><span style=\"color: #800000;\"><strong>\u21d2<\/strong><\/span><a href=\"https:\/\/www.youtube.com\/watch?v=00qCIdkOIFM\" target=\"_blank\" rel=\"noopener noreferrer\">Como lavar una Peluca de Fibra Sint\u00e9tica<\/a><strong><span style=\"color: #800000;\">\u21d0<\/span><\/strong><\/p>\n<p style=\"text-align: center;\"><strong>\u21d2<\/strong><a href=\"https:\/\/www.youtube.com\/watch?v=k83AA3HMoS8\" target=\"_blank\" rel=\"noopener noreferrer\">Como colocar mi Peluca<\/a><strong><span style=\"color: #800000;\">\u21d0<\/span><\/strong><\/p>\n<p>Existen infinidad de modelos y colores para encontrar lo que m\u00e1s se adapte a ti. Debes quitarla para dormir. En ese momento es aconsejable el uso de <strong>gorritos para dormir<\/strong> que sean de tejido transpirable.<\/p>\n<h3><span style=\"color: #800000;\">Pr\u00f3tesis o Pelucas de Cabello humano<\/span><\/h3>\n<p>Son <strong>confeccionadas con cabello natural y requieren de un mantenimiento frecuente en centros especializados<\/strong> o en peluquer\u00edas. Es aconsejable quitarlas para dormir, aunque se pueda dormir con ellas. Tu cuero cabelludo debe transpirar al menos 6 horas al d\u00eda.<\/p>\n<h3><span style=\"color: #800000;\">Pa\u00f1uelos y Gorros espec\u00edficos<\/span><\/h3>\n<p>Los pa\u00f1uelos y gorros espec\u00edficos para alopecia, est\u00e1n dise\u00f1ados de una manera especial. <strong>Los tejidos est\u00e1n cuidadosamente seleccionado para que sean transpirables<\/strong>. Su forma est\u00e1 espec\u00edficamente dise\u00f1ada para facilitar su colocaci\u00f3n. Hay diferentes tipos seg\u00fan el momento del d\u00eda o la actividad a realizar con ellos.C<\/p>\n<p><a href=\"https:\/\/oncoestetica.es\/categoria\/gorritos-para-dormir\" target=\"_blank\" rel=\"noopener noreferrer\"><strong>Gorritos para dormir<\/strong><\/a>, son espec\u00edficos, \u00a0<strong>sin costuras y con tejido antibacterias, \u00fasalos en casa<\/strong>. Con los pa\u00f1uelos normales atados, te molestar\u00e1n los nudos y no se adaptar\u00e1n porque no son el\u00e1sticos.<\/p>\n<p><a href=\"https:\/\/oncoestetica.es\/gorritos-para-dormir\/gorro-de-dormir-natalia-areata-quimio-alopecia-algodon-natural.html#\/48-color-fresa_040\" target=\"_blank\" rel=\"noopener noreferrer\"><img loading=\"lazy\" decoding=\"async\" class=\"size-full wp-image-4327 aligncenter\" src=\"https:\/\/oncoestetica.es\/blog\/wp-content\/uploads\/gorro-de-dormir-3.jpg\" alt=\"gorro de dormir\" width=\"440\" height=\"422\" srcset=\"https:\/\/oncoestetica.es\/blog\/wp-content\/uploads\/gorro-de-dormir-3.jpg 440w, https:\/\/oncoestetica.es\/blog\/wp-content\/uploads\/gorro-de-dormir-3-300x288.jpg 300w\" sizes=\"auto, (max-width: 440px) 100vw, 440px\" \/><\/a><\/p>\n<p><strong><a href=\"https:\/\/oncoestetica.es\/categoria\/gorros-y-panuelos\" target=\"_blank\" rel=\"noopener noreferrer\">Pa\u00f1uelos Quimioterapia<\/a> y gorros para la calle.\u00a0<\/strong>Existen multitud de <a title=\"Pa\u00f1uelos y gorros para la calle\" href=\"https:\/\/oncoestetica.es\/buscar?tag=salir\" target=\"_blank\" rel=\"noopener noreferrer\">pa\u00f1uelos y gorros para la calle<\/a>:\u00a0de seda, algod\u00f3n natural, atados, piratas&#8230;<strong>Busca el que m\u00e1s se adapte a tu imagen y elige <\/strong>para diferentes momentos del d\u00eda y\/o actividades.<\/p>\n<p>&nbsp;<\/p>\n<p><a href=\"https:\/\/oncoestetica.es\/categoria\/gorros-y-panuelos\"><img loading=\"lazy\" decoding=\"async\" class=\"wp-image-5647 aligncenter\" src=\"https:\/\/oncoestetica.es\/blog\/wp-content\/uploads\/3029-700-turbante-quimio.jpg\" alt=\"\" width=\"485\" height=\"485\" srcset=\"https:\/\/oncoestetica.es\/blog\/wp-content\/uploads\/3029-700-turbante-quimio.jpg 800w, https:\/\/oncoestetica.es\/blog\/wp-content\/uploads\/3029-700-turbante-quimio-150x150.jpg 150w, https:\/\/oncoestetica.es\/blog\/wp-content\/uploads\/3029-700-turbante-quimio-300x300.jpg 300w, https:\/\/oncoestetica.es\/blog\/wp-content\/uploads\/3029-700-turbante-quimio-768x768.jpg 768w\" sizes=\"auto, (max-width: 485px) 100vw, 485px\" \/><\/a><\/p>\n<p><strong>Viseras y gorras espec\u00edficas para alopecia.\u00a0<\/strong>Existen <a title=\"Viseras y gorras\" href=\"https:\/\/oncoestetica.es\/categoria\/gorras-viseras-y-linea-de-bano\" target=\"_blank\" rel=\"noopener noreferrer\">viseras y gorras<\/a> <strong>dise\u00f1adas espec\u00edficamente para la playa o monta\u00f1a<\/strong>. Con factor de protecci\u00f3n solar, cubren totalmente la cabeza.<\/p>\n<p><a href=\"https:\/\/oncoestetica.es\/gorras-viseras-y-linea-de-bano\/gorra-8219-christine-alopecia-quimioterapia-oncologica.html\" target=\"_blank\" rel=\"noopener noreferrer\"><img loading=\"lazy\" decoding=\"async\" class=\"size-full wp-image-4329 aligncenter\" src=\"https:\/\/oncoestetica.es\/blog\/wp-content\/uploads\/visera-alopecia.jpg\" alt=\"visera alopecia\" width=\"440\" height=\"422\" srcset=\"https:\/\/oncoestetica.es\/blog\/wp-content\/uploads\/visera-alopecia.jpg 440w, https:\/\/oncoestetica.es\/blog\/wp-content\/uploads\/visera-alopecia-300x288.jpg 300w\" sizes=\"auto, (max-width: 440px) 100vw, 440px\" \/><\/a><\/p>\n<p>Nuestro objetivo principal es ayudarte, por ello dejamos a tu disposici\u00f3n un amplio cat\u00e1logo de productos de <strong>Cosm\u00e9tica y Est\u00e9tica Oncol\u00f3gica (<a href=\"https:\/\/oncoestetica.es\/\" target=\"_blank\" rel=\"noopener noreferrer\">Onco Belleza<\/a>)<\/strong>\u00a0previamente probados y certificados con todas las garant\u00edas y que sabemos que pueden ayudarte a verte mejor.<\/p>\n<h2 style=\"text-align: center;\">\u00bfTienes m\u00e1s dudas?<\/h2>\n<h3 style=\"text-align: center;\"><a href=\"https:\/\/oncoestetica.es\/blog\/index.php\/efectos-de-la-quimioterapia-en-cejas-pestanas-y-unas\/\" target=\"_blank\" rel=\"noopener noreferrer\">\u21d2Efectos de la Quimioterapia en cejas, pesta\u00f1as y u\u00f1as\u21d0<\/a><\/h3>\n<p style=\"text-align: center;\"><em>Ll\u00e1manos cuando lo necesites y te asesoraremos sobre lo que desees<\/em><\/p>\n<p><a href=\"https:\/\/oncoestetica.es\/contactanos\" target=\"_blank\" rel=\"noopener noreferrer\"><img loading=\"lazy\" decoding=\"async\" class=\"aligncenter wp-image-4335 size-medium\" src=\"https:\/\/oncoestetica.es\/blog\/wp-content\/uploads\/estetica-oncologica-2-300x213.jpg\" alt=\"estetica oncologica\" width=\"300\" height=\"213\" srcset=\"https:\/\/oncoestetica.es\/blog\/wp-content\/uploads\/estetica-oncologica-2-300x213.jpg 300w, https:\/\/oncoestetica.es\/blog\/wp-content\/uploads\/estetica-oncologica-2-768x545.jpg 768w, https:\/\/oncoestetica.es\/blog\/wp-content\/uploads\/estetica-oncologica-2.jpg 950w\" sizes=\"auto, (max-width: 300px) 100vw, 300px\" \/><\/a><\/p>\n<h2 style=\"text-align: center;\"><span style=\"color: #800000;\">\u2665<\/span><a href=\"https:\/\/oncoestetica.es\/content\/que-es-oncoestetica\" target=\"_blank\" rel=\"noopener noreferrer\">5 razones para comprar en Oncoest\u00e9tica<\/a><span style=\"color: #800000;\">\u2665<\/span><\/h2>\n<p style=\"text-align: center;\"><a href=\"https:\/\/oncoestetica.es\/\" target=\"_blank\" rel=\"noopener noreferrer\"><img loading=\"lazy\" decoding=\"async\" class=\"alignnone size-full wp-image-4338\" src=\"https:\/\/oncoestetica.es\/blog\/wp-content\/uploads\/oncoestetica-2.png\" alt=\"oncoestetica\" width=\"450\" height=\"102\" srcset=\"https:\/\/oncoestetica.es\/blog\/wp-content\/uploads\/oncoestetica-2.png 450w, https:\/\/oncoestetica.es\/blog\/wp-content\/uploads\/oncoestetica-2-300x68.png 300w\" sizes=\"auto, (max-width: 450px) 100vw, 450px\" \/><\/a><\/p>\n","protected":false},"excerpt":{"rendered":"<p>La ca\u00edda del cabello es uno de los s\u00edntomas que aparecen m\u00e1s frecuentemente como consecuencia del tratamiento oncol\u00f3gico, llegando a provocar en ocasiones un importante malestar psicol\u00f3gico.Una de las principales preocupaciones de las personas que comienzan un proceso oncol\u00f3gico es, sin duda, la p\u00e9rdida de cabello. Durante el proceso de quimioterapia y debido a la [&hellip;]<\/p>\n","protected":false},"author":1,"featured_media":0,"parent":0,"menu_order":0,"comment_status":"open","ping_status":"closed","template":"","meta":{"_et_pb_use_builder":"","_et_pb_old_content":"","_et_gb_content_width":"","footnotes":""},"class_list":["post-278","page","type-page","status-publish","hentry"],"_links":{"self":[{"href":"https:\/\/oncoestetica.es\/blog\/index.php\/wp-json\/wp\/v2\/pages\/278","targetHints":{"allow":["GET"]}}],"collection":[{"href":"https:\/\/oncoestetica.es\/blog\/index.php\/wp-json\/wp\/v2\/pages"}],"about":[{"href":"https:\/\/oncoestetica.es\/blog\/index.php\/wp-json\/wp\/v2\/types\/page"}],"author":[{"embeddable":true,"href":"https:\/\/oncoestetica.es\/blog\/index.php\/wp-json\/wp\/v2\/users\/1"}],"replies":[{"embeddable":true,"href":"https:\/\/oncoestetica.es\/blog\/index.php\/wp-json\/wp\/v2\/comments?post=278"}],"version-history":[{"count":49,"href":"https:\/\/oncoestetica.es\/blog\/index.php\/wp-json\/wp\/v2\/pages\/278\/revisions"}],"predecessor-version":[{"id":362,"href":"https:\/\/oncoestetica.es\/blog\/index.php\/wp-json\/wp\/v2\/pages\/278\/revisions\/362"}],"wp:attachment":[{"href":"https:\/\/oncoestetica.es\/blog\/index.php\/wp-json\/wp\/v2\/media?parent=278"}],"curies":[{"name":"wp","href":"https:\/\/api.w.org\/{rel}","templated":true}]}}