{"id":288,"date":"2012-05-26T15:01:48","date_gmt":"2012-05-26T15:01:48","guid":{"rendered":"https:\/\/oncoestetica.es\/blog\/?page_id=288"},"modified":"2017-12-20T16:46:39","modified_gmt":"2017-12-20T15:46:39","slug":"alopecia","status":"publish","type":"page","link":"https:\/\/oncoestetica.es\/blog\/index.php\/alopecia\/","title":{"rendered":"Alopecia"},"content":{"rendered":"<p>Una de las <strong>alopecias<\/strong> con las que nos encontramos, cada vez con m\u00e1s frecuencia, es la <strong>alopecia Areata<\/strong>.<\/p>\n<p>Se trata de un tipo de alopecia que <strong>se suele iniciar con una peque\u00f1a placa desprovista de pelo \u00f3 \u00abpelada\u00bb de tama\u00f1o variable<\/strong> seg\u00fan el caso.<\/p>\n<blockquote><p><em>La <strong>Alopecia<\/strong> parece sin ninguna causa conocida y su pron\u00f3stico es incierto. <\/em><\/p><\/blockquote>\n<p>La mayor\u00eda son <strong>tratadas con corticoides<\/strong>, que en algunos casos pueden resolver el problema, pero no en todas se obtiene el mismo resultado.<\/p>\n<p>Cuando \u00e9sta alopecia sigue creciendo, <strong>puede llegar a provocar una alopecia total<\/strong> (p\u00e9rdida del cabello en la cabeza) o universal (p\u00e9rdida del cabello en todo el cuerpo).<\/p>\n<blockquote><p><em>Ante estos casos, el afectado tiene varias<strong> opciones para solucionar el cambio de imagen<\/strong>.<\/em><\/p><\/blockquote>\n<p>Primero le recomendar\u00edamos\u00a0<strong>una peluca o pr\u00f3tesis capilar<\/strong> para \u00a0solucionar el problema de la p\u00e9rdida de cabello.<\/p>\n<p>Para la calle puede tambi\u00e9n tiene varias opciones si no quiere usar peluca o quiere descansar en alg\u00fan \u00a0momento de ella.<\/p>\n<p><a href=\"https:\/\/oncoestetica.es\/categoria\/gorros-y-panuelos\" target=\"_blank\" rel=\"noopener noreferrer\"><img loading=\"lazy\" decoding=\"async\" class=\"alignnone size-full wp-image-4479\" src=\"https:\/\/oncoestetica.es\/blog\/wp-content\/uploads\/gorros-y-panuelos.jpg\" alt=\"gorros y panuelos\" width=\"873\" height=\"260\" srcset=\"https:\/\/oncoestetica.es\/blog\/wp-content\/uploads\/gorros-y-panuelos.jpg 873w, https:\/\/oncoestetica.es\/blog\/wp-content\/uploads\/gorros-y-panuelos-300x89.jpg 300w, https:\/\/oncoestetica.es\/blog\/wp-content\/uploads\/gorros-y-panuelos-768x229.jpg 768w\" sizes=\"auto, (max-width: 873px) 100vw, 873px\" \/><\/a><\/p>\n<p>El uso de <a title=\"Pa\u00f1uelos viseras y gorros\" href=\"https:\/\/oncoestetica.es\/categoria\/gorros-y-panuelos\" target=\"_blank\" rel=\"noopener noreferrer\">pa\u00f1uelos, viseras y gorros<\/a>, es lo m\u00e1s c\u00f3modo y recomendable en estos casos. Adem\u00e1s necesitar\u00e1 un complemento de \u00e9ste tipo, f\u00e1cil de poner y quitar para poder aplicar alg\u00fan tipo de tratamiento de regeneraci\u00f3n del cabello.<\/p>\n<p>Tambi\u00e9n suele ser habitual, en este tipo de alopecia, la<strong> p\u00e9rdida de cejas y pesta\u00f1as<\/strong>.La p\u00e9rdida de las cejas suele cambiar mucho la expresi\u00f3n de la cara.<\/p>\n<p>Por eso es importante <strong>maquillar las cejas de manera natural<\/strong>. El <a title=\"Maquillaje para cejas Christian\" href=\"https:\/\/oncoestetica.es\/cejas-y-pestanas\/maquillaje-cejas-christian-despobladas.html\" target=\"_blank\" rel=\"noopener noreferrer\">maquillaje especial para cejas CHRISTIAN<\/a>, es una buena soluci\u00f3n en estos casos.<\/p>\n<p>Viene con 3 plantillas que ayudan a aplicar de manera correcta el maquillaje y nos dise\u00f1an la ceja perfectamente. Dura aproximadamente 24h y es resistente al agua.<\/p>\n<p><a href=\"https:\/\/oncoestetica.es\/cejas-y-pestanas\/maquillaje-cejas-christian-despobladas.html\" target=\"_blank\" rel=\"noopener noreferrer\"><img loading=\"lazy\" decoding=\"async\" class=\"size-full wp-image-4481 aligncenter\" src=\"https:\/\/oncoestetica.es\/blog\/wp-content\/uploads\/maquillaje-de-cejas-2.jpg\" alt=\"maquillaje de cejas\" width=\"440\" height=\"422\" srcset=\"https:\/\/oncoestetica.es\/blog\/wp-content\/uploads\/maquillaje-de-cejas-2.jpg 440w, https:\/\/oncoestetica.es\/blog\/wp-content\/uploads\/maquillaje-de-cejas-2-300x288.jpg 300w\" sizes=\"auto, (max-width: 440px) 100vw, 440px\" \/><\/a><\/p>\n<p>Otra soluci\u00f3n muy acertada y totalmente natural son <a title=\"Protesis de cejas\" href=\"https:\/\/oncoestetica.es\/cejas-y-pestanas\/protesis-cejas-despobladas-alopecia-style-15-areata.html\" target=\"_blank\" rel=\"noopener noreferrer\">las pr\u00f3tesis de cejas<\/a>.\u00a0<strong>Las pr\u00f3tesis de cejas son un producto muy espec\u00edfico realizado en una base muy fina<\/strong>, transparente y de un apariencia como la piel, con cabello inyectado uno a uno.<\/p>\n<p>Se aplican mediante un adhesivo d\u00e9rmico especial y son totalmente indetectables. Debes elegir la forma o el arco que m\u00e1s se parezca al tuyo y tambi\u00e9n el color ha de ser el adecuado.<\/p>\n<p><a href=\"https:\/\/oncoestetica.es\/categoria\/cejas-y-pestanas\" target=\"_blank\" rel=\"noopener noreferrer\"><img loading=\"lazy\" decoding=\"async\" class=\"alignnone size-full wp-image-4482\" src=\"https:\/\/oncoestetica.es\/blog\/wp-content\/uploads\/cejas-y-pestanas-1.jpg\" alt=\"cejas y pestanas\" width=\"873\" height=\"260\" srcset=\"https:\/\/oncoestetica.es\/blog\/wp-content\/uploads\/cejas-y-pestanas-1.jpg 873w, https:\/\/oncoestetica.es\/blog\/wp-content\/uploads\/cejas-y-pestanas-1-300x89.jpg 300w, https:\/\/oncoestetica.es\/blog\/wp-content\/uploads\/cejas-y-pestanas-1-768x229.jpg 768w\" sizes=\"auto, (max-width: 873px) 100vw, 873px\" \/><\/a><\/p>\n<p>Posteriormente le recomendar\u00eda el uso de<strong> productos espec\u00edficos para<a href=\"https:\/\/oncoestetica.es\/buscar?tag=pielsensiblecuerpo\" target=\"_blank\" rel=\"noopener noreferrer\"> pieles sensibles<\/a><\/strong>.<\/p>\n","protected":false},"excerpt":{"rendered":"<p>Una de las alopecias con las que nos encontramos, cada vez con m\u00e1s frecuencia, es la alopecia Areata. Se trata de un tipo de alopecia que se suele iniciar con una peque\u00f1a placa desprovista de pelo \u00f3 \u00abpelada\u00bb de tama\u00f1o variable seg\u00fan el caso. La Alopecia parece sin ninguna causa conocida y su pron\u00f3stico es [&hellip;]<\/p>\n","protected":false},"author":1,"featured_media":0,"parent":0,"menu_order":0,"comment_status":"open","ping_status":"closed","template":"","meta":{"_et_pb_use_builder":"","_et_pb_old_content":"","_et_gb_content_width":"","footnotes":""},"class_list":["post-288","page","type-page","status-publish","hentry"],"_links":{"self":[{"href":"https:\/\/oncoestetica.es\/blog\/index.php\/wp-json\/wp\/v2\/pages\/288","targetHints":{"allow":["GET"]}}],"collection":[{"href":"https:\/\/oncoestetica.es\/blog\/index.php\/wp-json\/wp\/v2\/pages"}],"about":[{"href":"https:\/\/oncoestetica.es\/blog\/index.php\/wp-json\/wp\/v2\/types\/page"}],"author":[{"embeddable":true,"href":"https:\/\/oncoestetica.es\/blog\/index.php\/wp-json\/wp\/v2\/users\/1"}],"replies":[{"embeddable":true,"href":"https:\/\/oncoestetica.es\/blog\/index.php\/wp-json\/wp\/v2\/comments?post=288"}],"version-history":[{"count":26,"href":"https:\/\/oncoestetica.es\/blog\/index.php\/wp-json\/wp\/v2\/pages\/288\/revisions"}],"predecessor-version":[{"id":4978,"href":"https:\/\/oncoestetica.es\/blog\/index.php\/wp-json\/wp\/v2\/pages\/288\/revisions\/4978"}],"wp:attachment":[{"href":"https:\/\/oncoestetica.es\/blog\/index.php\/wp-json\/wp\/v2\/media?parent=288"}],"curies":[{"name":"wp","href":"https:\/\/api.w.org\/{rel}","templated":true}]}}