{"id":4380,"date":"2017-02-27T12:18:06","date_gmt":"2017-02-27T11:18:06","guid":{"rendered":"https:\/\/oncoestetica.es\/blog\/?page_id=4380"},"modified":"2017-02-27T12:46:58","modified_gmt":"2017-02-27T11:46:58","slug":"alopecia-quimioterapia","status":"publish","type":"page","link":"https:\/\/oncoestetica.es\/blog\/index.php\/alopecia\/alopecia-quimioterapia\/","title":{"rendered":"Alopecia Quimioterapia"},"content":{"rendered":"<p><strong>Alopecia Quimioterapia<\/strong>, una de las principales preocupaciones de las personas que comienzan un<strong> proceso oncol\u00f3gico<\/strong>.<\/p>\n<p>La<strong> p\u00e9rdida de cabello <\/strong>durante el <strong>proceso de quimioterapia<\/strong> y debido a la acci\u00f3n de determinados f\u00e1rmacos, el fol\u00edculo piloso, encargado de producir cabello, queda inactivo temporalmente, por eso, <span style=\"color: #800000;\"><em>el cabello se cae<\/em><\/span>.<\/p>\n<p>Posteriormente, al terminar la quimioterapia<em><span style=\"color: #800000;\"> el cabello vuelve a crecer de nuev<\/span><\/em>o.\u00a0 El cabello vuelve a crecer pasados unos 40 d\u00edas despu\u00e9s de la \u00faltima sesi\u00f3n, pero en algunos casos pueden empezar a notar antes el nacimiento de una ligera pelusilla que luego se convertir\u00e1 en cabello.<\/p>\n<blockquote>\n<p style=\"text-align: center;\"><em><span style=\"color: #800000;\"><strong>La Quimioterapia act\u00faa directamente sobre el crecimiento celular.<\/strong><\/span><\/em><\/p>\n<\/blockquote>\n<p><strong>El cabello<\/strong> es una estructura celular formada por queratina, cuyas c\u00e9lulas crecen r\u00e1pidamente. Ante el efecto de la quimioterapia, el cabello se paraliza, deja de proliferar y se cae <strong>temporalmente<\/strong>. Mientras dure el tratamiento, en la mayor\u00eda de los casos el cabello deja de crecer.<\/p>\n<p><img loading=\"lazy\" decoding=\"async\" class=\"size-full wp-image-4388 aligncenter\" src=\"https:\/\/oncoestetica.es\/blog\/wp-content\/uploads\/alopecia-por-quimioterapia.jpg\" alt=\"alopecia por quimioterapia\" width=\"500\" height=\"332\" srcset=\"https:\/\/oncoestetica.es\/blog\/wp-content\/uploads\/alopecia-por-quimioterapia.jpg 500w, https:\/\/oncoestetica.es\/blog\/wp-content\/uploads\/alopecia-por-quimioterapia-300x199.jpg 300w\" sizes=\"auto, (max-width: 500px) 100vw, 500px\" \/><\/p>\n<h2 style=\"text-align: center;\">\u00bfCu\u00e1ndo se cae el Cabello?<\/h2>\n<p>Habitualmente y seg\u00fan nuestra experiencia, tarda en comenzar a caer <strong>entre 15 y 17 d\u00edas<\/strong> despu\u00e9s del primer ciclo de tratamiento.<\/p>\n<p>Hasta ese momento es normal no notar ning\u00fan cambio significativo en el cabello a pesar de haber recibido ya el primer tratamiento. <em><span style=\"color: #800000;\">Una vez transcurridos esos 17 d\u00edas aproximadamente<\/span><\/em>, se empieza a notar una ca\u00edda de cabello importante, aunque no lo suficientemente masiva como para perder todo el cabello en horas, como se puede llegar a pensar.<\/p>\n<p><strong>Durante 2 o 3 d\u00edas<\/strong> notar\u00e1 un aumento de esa <strong>p\u00e9rdida de cabello<\/strong> acompa\u00f1ado de un aspecto diferente en cuanto al volumen y naturalidad.<\/p>\n<blockquote>\n<p style=\"text-align: center;\"><em><span style=\"color: #800000;\"><strong>No es aconsejable lavarlo<\/strong><\/span> una vez que ha empezado el proceso de ca\u00edda.<\/em><\/p>\n<\/blockquote>\n<p>Durante los<strong> tratamientos oncol\u00f3gicos<\/strong> el cuero cabelludo puede sufrir diversos cambios.\u00a0 Se vuelve m\u00e1s fina y sensible y puedes notar m\u00e1s <em><span style=\"color: #800000;\">sequedad, sensibilidad e irritaciones<\/span><\/em>.<\/p>\n<p>Cada d\u00eda atendemos a personas que desconocen la existencia de <strong>productos espec\u00edficos<\/strong> que son muy recomendables durante el tratamiento.<\/p>\n<p style=\"text-align: center;\"><img loading=\"lazy\" decoding=\"async\" class=\"alignnone size-full wp-image-4386\" src=\"https:\/\/oncoestetica.es\/blog\/wp-content\/uploads\/cabello-debilitado.jpg\" alt=\"cabello debilitado\" width=\"620\" height=\"413\" srcset=\"https:\/\/oncoestetica.es\/blog\/wp-content\/uploads\/cabello-debilitado.jpg 620w, https:\/\/oncoestetica.es\/blog\/wp-content\/uploads\/cabello-debilitado-300x200.jpg 300w\" sizes=\"auto, (max-width: 620px) 100vw, 620px\" \/><\/p>\n<h2 style=\"text-align: center;\">\u00bfCu\u00e1ndo crece de nuevo el Cabello?<\/h2>\n<p><strong>El cabello vuelve a crecer<\/strong> pasados unos 40 d\u00edas desde su \u00faltima sesi\u00f3n. Esto no es siempre exactamente as\u00ed, los tratamientos son muy personalizados, pero en 90% es as\u00ed.<\/p>\n<p>En ocasiones, hacia el final del tratamiento, aunque no se haya finalizado el mismo, puede aparecer una ligera pelusilla, pero <strong>hasta que los f\u00e1rmacos desaparecen<\/strong> totalmente del torrente sangu\u00edneo<strong> el cabello no crece con normalidad<\/strong>.<\/p>\n<p>Una vez se termina el<strong> tratamiento de quimioterapia<\/strong>, en muchos casos se aplica radioterapia, que si no es aplicada en el cuero cabelludo, no produce <strong>alopecia<\/strong>.<\/p>\n<p>Hace a\u00f1os se extendi\u00f3 la idea de que <strong>la quimioterapia fortalece el cabello<\/strong>. Suponemos que era una forma de \u201canimar\u201d al paciente preocupado por la p\u00e9rdida del cabello.<\/p>\n<p>Hoy d\u00eda, parece que ya no se comenta esto entre los pacientes, ya que no es as\u00ed. <em><span style=\"color: #800000;\">El cabello no se fortalece<\/span><\/em>.<\/p>\n<p>En los casos en los que comienzan el tratamiento con un <strong>cabello fuerte y sano<\/strong>, la quimioterapia no afecta en su densidad, ni lo fortalece ni lo debilita, aunque si puede haber cambios en su estructura.<\/p>\n<p><strong>Los cabellos lisos<\/strong> a veces pueden crecer rizados, pero por lo general vuelven a su estado pasados unos meses.<\/p>\n<p>Para <strong>ayudar a recuperar el cabello<\/strong> despu\u00e9s de la <strong>quimioterapia<\/strong> podemos aplicar <strong>fortalecedores naturales<\/strong> con vitaminas y minerales que ayudan a engrosarlo y que hacen que <em><span style=\"color: #800000;\">el cabello crezca m\u00e1s r\u00e1pido<\/span><\/em>.<\/p>\n<p><a href=\"https:\/\/oncoestetica.es\/cosmetica-saludable\/helan-locion-revitalizante-capilar-donna-plus.html\" target=\"_blank\"><img loading=\"lazy\" decoding=\"async\" class=\"size-full wp-image-4381 aligncenter\" src=\"https:\/\/oncoestetica.es\/blog\/wp-content\/uploads\/cabello-debilitado-quimioterapia.jpg\" alt=\"cabello debilitado quimioterapia\" width=\"440\" height=\"422\" srcset=\"https:\/\/oncoestetica.es\/blog\/wp-content\/uploads\/cabello-debilitado-quimioterapia.jpg 440w, https:\/\/oncoestetica.es\/blog\/wp-content\/uploads\/cabello-debilitado-quimioterapia-300x288.jpg 300w\" sizes=\"auto, (max-width: 440px) 100vw, 440px\" \/><\/a><\/p>\n<p style=\"text-align: center;\"><strong><span style=\"color: #800000;\">\u21d3<\/span><\/strong>\u00bfSigues con dudas?<span style=\"color: #800000;\"><strong>\u21d3<\/strong><\/span><\/p>\n<h2 style=\"text-align: center;\"><a href=\"https:\/\/oncoestetica.es\/blog\/index.php\/efectos-de-la-quimioterapia-en-el-cabello\/\" target=\"_blank\">Efectos de la Quimioterapia en el Cabello<\/a><\/h2>\n<p><a href=\"https:\/\/oncoestetica.es\/\" target=\"_blank\"><img loading=\"lazy\" decoding=\"async\" class=\"size-full wp-image-4391 aligncenter\" src=\"https:\/\/oncoestetica.es\/blog\/wp-content\/uploads\/oncoestetica-3.png\" alt=\"oncoestetica\" width=\"444\" height=\"87\" srcset=\"https:\/\/oncoestetica.es\/blog\/wp-content\/uploads\/oncoestetica-3.png 444w, https:\/\/oncoestetica.es\/blog\/wp-content\/uploads\/oncoestetica-3-300x59.png 300w\" sizes=\"auto, (max-width: 444px) 100vw, 444px\" \/><\/a><\/p>\n","protected":false},"excerpt":{"rendered":"<p>Alopecia Quimioterapia, una de las principales preocupaciones de las personas que comienzan un proceso oncol\u00f3gico. La p\u00e9rdida de cabello durante el proceso de quimioterapia y debido a la acci\u00f3n de determinados f\u00e1rmacos, el fol\u00edculo piloso, encargado de producir cabello, queda inactivo temporalmente, por eso, el cabello se cae. Posteriormente, al terminar la quimioterapia el cabello [&hellip;]<\/p>\n","protected":false},"author":1,"featured_media":4387,"parent":288,"menu_order":0,"comment_status":"closed","ping_status":"closed","template":"","meta":{"_et_pb_use_builder":"","_et_pb_old_content":"","_et_gb_content_width":"","footnotes":""},"class_list":["post-4380","page","type-page","status-publish","has-post-thumbnail","hentry"],"_links":{"self":[{"href":"https:\/\/oncoestetica.es\/blog\/index.php\/wp-json\/wp\/v2\/pages\/4380","targetHints":{"allow":["GET"]}}],"collection":[{"href":"https:\/\/oncoestetica.es\/blog\/index.php\/wp-json\/wp\/v2\/pages"}],"about":[{"href":"https:\/\/oncoestetica.es\/blog\/index.php\/wp-json\/wp\/v2\/types\/page"}],"author":[{"embeddable":true,"href":"https:\/\/oncoestetica.es\/blog\/index.php\/wp-json\/wp\/v2\/users\/1"}],"replies":[{"embeddable":true,"href":"https:\/\/oncoestetica.es\/blog\/index.php\/wp-json\/wp\/v2\/comments?post=4380"}],"version-history":[{"count":6,"href":"https:\/\/oncoestetica.es\/blog\/index.php\/wp-json\/wp\/v2\/pages\/4380\/revisions"}],"predecessor-version":[{"id":4392,"href":"https:\/\/oncoestetica.es\/blog\/index.php\/wp-json\/wp\/v2\/pages\/4380\/revisions\/4392"}],"up":[{"embeddable":true,"href":"https:\/\/oncoestetica.es\/blog\/index.php\/wp-json\/wp\/v2\/pages\/288"}],"wp:featuredmedia":[{"embeddable":true,"href":"https:\/\/oncoestetica.es\/blog\/index.php\/wp-json\/wp\/v2\/media\/4387"}],"wp:attachment":[{"href":"https:\/\/oncoestetica.es\/blog\/index.php\/wp-json\/wp\/v2\/media?parent=4380"}],"curies":[{"name":"wp","href":"https:\/\/api.w.org\/{rel}","templated":true}]}}