{"id":4448,"date":"2017-03-28T10:22:59","date_gmt":"2017-03-28T08:22:59","guid":{"rendered":"https:\/\/oncoestetica.es\/blog\/?page_id=4448"},"modified":"2024-01-15T12:03:57","modified_gmt":"2024-01-15T11:03:57","slug":"radioterapia-cancer-de-mama","status":"publish","type":"page","link":"https:\/\/oncoestetica.es\/blog\/index.php\/radioterapia-cancer-de-mama\/","title":{"rendered":"Radioterapia, cuidados de la piel."},"content":{"rendered":"<p>Los <strong>cambios en la piel<\/strong> producidos por la<strong> radioterapia<\/strong> se limitan s\u00f3lo a la zona irradiada, pero tambi\u00e9n pueden afectar a zonas circundantes.<\/p>\n<p>Hay que pensar que la <strong>radioterapia<\/strong>, en la mayor\u00eda de los casos <strong>se aplica despu\u00e9s de la quimioterapia<\/strong> y la piel ya se presenta m\u00e1s<strong> seca y sensible<\/strong>.<\/p>\n<p><strong>Si vas a recibir radioterapia<\/strong> en la mama debes\u00a0 tener un especial cuidado con la piel:<\/p>\n<p><span style=\"color: #800000;\"><strong>&#8211;<\/strong> <\/span>Por eso, se pueden producir alteraciones similares a una quemadura solar.<\/p>\n<p><span style=\"color: #800000;\"><strong>&#8211;<\/strong><\/span> Suele aparecer a partir de las dos semanas de aplicaci\u00f3n.<\/p>\n<p><span style=\"color: #800000;\"><strong>&#8211;<\/strong> <\/span>Las sesiones son diarias, por lo que no da tiempo a la recuperaci\u00f3n celular.<\/p>\n<p><span style=\"color: #800000;\"><strong>&#8211;<\/strong> <\/span>La radioterapia se aplica para destruir las c\u00e9lulas tumorales, pero tambi\u00e9n da\u00f1a las c\u00e9lulas sanas, por lo que aparecen efectos secundarios.<\/p>\n<p><span style=\"color: #800000;\"><strong>&#8211;<\/strong> <\/span>Estos efectos suelen ser una coloraci\u00f3n o eritema rojizo, picor y oscurecimiento de la zona a las dos o tres semanas.<\/p>\n<p><span style=\"color: #800000;\"><strong>&#8211;<\/strong><\/span> Este cambio desaparece a los dos o tres meses de terminar el tratamiento.<\/p>\n<p style=\"text-align: center;\"><img loading=\"lazy\" decoding=\"async\" class=\"alignnone size-full wp-image-4457\" src=\"https:\/\/oncoestetica.es\/blog\/wp-content\/uploads\/cuidados-de-la-piel-radioterapia.jpg\" alt=\"cuidados de la piel radioterapia\" width=\"768\" height=\"432\" srcset=\"https:\/\/oncoestetica.es\/blog\/wp-content\/uploads\/cuidados-de-la-piel-radioterapia.jpg 768w, https:\/\/oncoestetica.es\/blog\/wp-content\/uploads\/cuidados-de-la-piel-radioterapia-300x169.jpg 300w\" sizes=\"auto, (max-width: 768px) 100vw, 768px\" \/><\/p>\n<p style=\"text-align: center;\"><span style=\"color: #800000;\">CUIDADOS DE LA PIEL EN RADIOTERAPIA\u00a0<\/span><\/p>\n<p style=\"text-align: left;\"><span style=\"color: #800000;\"><strong>&#8211;<\/strong> <\/span>Cuidar la piel desde el inicio del tratamiento con un gel suave e hidratante sin tensioactivos agresivos, o Sles.<\/p>\n<p style=\"text-align: left;\"><strong><span style=\"color: #800000;\">&#8211;<\/span> <\/strong>El tratamiento preventivo ayudar\u00e1 a evitar efectos mayores una vez empezada la radioterapia.<\/p>\n<p style=\"text-align: left;\"><span style=\"color: #800000;\"><strong>&#8211;<\/strong> <\/span>Paso 1: gel de ducha + crema hidratante corporal con avena <strong>EMULSION SOFT DE COSMECLINIK<\/strong>.<\/p>\n<h3 style=\"text-align: center;\"><span style=\"color: #800000;\">\u21d3<\/span>GEL AVENA SATIVA DE COSMECLINIK E5<span style=\"color: #800000;\">\u21d3<\/span><\/h3>\n<p><a href=\"https:\/\/oncoestetica.es\/radioterapia-sativa\/gel-ducha-cosmeclinik-syndet-radioterapia-pieles-sensibles-quimioterapia.html\" target=\"_blank\" rel=\"noopener noreferrer\"><img loading=\"lazy\" decoding=\"async\" class=\"size-full wp-image-4449 aligncenter\" src=\"https:\/\/oncoestetica.es\/blog\/wp-content\/uploads\/sativa-gel-de-ducha.jpg\" alt=\"sativa gel de ducha\" width=\"440\" height=\"422\" srcset=\"https:\/\/oncoestetica.es\/blog\/wp-content\/uploads\/sativa-gel-de-ducha.jpg 440w, https:\/\/oncoestetica.es\/blog\/wp-content\/uploads\/sativa-gel-de-ducha-300x288.jpg 300w\" sizes=\"auto, (max-width: 440px) 100vw, 440px\" \/><\/a><\/p>\n<h3 style=\"text-align: center;\"><span style=\"color: #800000;\">\u21d3<\/span>EMULSION SOF DE COSMECLINIK<span style=\"color: #800000;\">\u21d3<\/span><\/h3>\n<p><a href=\"https:\/\/oncoestetica.es\/radioterapia-sativa\/sativa-soft-cosmeclinik-radioterapia.html\" target=\"_blank\" rel=\"noopener noreferrer\"><img loading=\"lazy\" decoding=\"async\" class=\"size-full wp-image-4450 aligncenter\" src=\"https:\/\/oncoestetica.es\/blog\/wp-content\/uploads\/sativa-radioterapia-2.jpg\" alt=\"sativa radioterapia\" width=\"440\" height=\"422\" srcset=\"https:\/\/oncoestetica.es\/blog\/wp-content\/uploads\/sativa-radioterapia-2.jpg 440w, https:\/\/oncoestetica.es\/blog\/wp-content\/uploads\/sativa-radioterapia-2-300x288.jpg 300w\" sizes=\"auto, (max-width: 440px) 100vw, 440px\" \/><\/a><\/p>\n<p><strong>Un mes antes de iniciar la radioterapia<\/strong>, comenzar a aplicar en la zona de la mama y en la axila la crema <strong>M-TEX DE COSMECLINIK<\/strong>:<\/p>\n<p><a href=\"https:\/\/oncoestetica.es\/radioterapia-sativa\/sativa-mtex-cosmeclinik-senos-radioterpia.html\" target=\"_blank\" rel=\"noopener noreferrer\"><img loading=\"lazy\" decoding=\"async\" class=\"size-full wp-image-4451 aligncenter\" src=\"https:\/\/oncoestetica.es\/blog\/wp-content\/uploads\/sativa-senos.jpg\" alt=\"sativa senos\" width=\"440\" height=\"422\" srcset=\"https:\/\/oncoestetica.es\/blog\/wp-content\/uploads\/sativa-senos.jpg 440w, https:\/\/oncoestetica.es\/blog\/wp-content\/uploads\/sativa-senos-300x288.jpg 300w\" sizes=\"auto, (max-width: 440px) 100vw, 440px\" \/><\/a><\/p>\n<h2 style=\"text-align: center;\">Recomendada por los radi\u00f3logos<\/h2>\n<blockquote>\n<p style=\"text-align: center;\"><em><span style=\"color: #800000;\">M-TEX DE COSMECLINIK CONTIENE T-XOE.<\/span><\/em><\/p>\n<\/blockquote>\n<p><strong><span style=\"color: #800000;\">\u2192<\/span>TEX-OE:<\/strong> Novedoso ingrediente extra\u00eddo del Opuntia Ficus Indica, que act\u00faa aumentando la velocidad de s\u00edntesis de las H.S.P., conocidas como prote\u00ednas de estr\u00e9s, responsables de reparar el da\u00f1o celular ocasionado por la exposici\u00f3n a tratamientos agresivos.<\/p>\n<p><strong><span style=\"color: #800000;\">\u2192<\/span>ALOE VERA:<\/strong> Posee propiedades hidratantes, refrescantes y calmantes, proporcionando un alivio r\u00e1pido a las pieles congestionadas.<\/p>\n<p><strong><span style=\"color: #800000;\">\u2192<\/span>VITAMINA E:<\/strong> Previene la formaci\u00f3n de eritemas, reduce la inflamaci\u00f3n y la permeabilidad vascular e incrementa notablemente el nivel de hidrataci\u00f3n cut\u00e1neo.<\/p>\n<p><strong><span style=\"color: #800000;\">\u2192<\/span>ALPHA BISABOLOL:<\/strong> Importante acci\u00f3n antiinflamatoria, antiflog\u00edstica e inhibidora del eritema.<\/p>\n<p><strong><span style=\"color: #800000;\">\u2192<\/span>MANTECA DE KARITE:<\/strong> Cuida y suaviza la piel ayud\u00e1ndola a protegerse de las irritaciones superficiales de la piel.<\/p>\n<p><strong><span style=\"color: #800000;\">\u2192<\/span>HIALURONATO DE SODIO:<\/strong> Aporta hidrataci\u00f3n, suavidad y elasticidad a la piel.<\/p>\n<p style=\"text-align: center;\"><em><span style=\"color: #800000;\">&gt;&gt;<\/span>Continuar con aplicaci\u00f3n diaria durante el tratamiento, 2 veces\/d\u00eda es lo m\u00e1s adecuado.<span style=\"color: #800000;\">&lt;&lt;<\/span><\/em><\/p>\n<blockquote>\n<p style=\"text-align: center;\"><strong>RECUERDA<\/strong><\/p>\n<p style=\"text-align: center;\">NO APLICAR NING\u00daN PRODUCTO DOS HORAS ANTES E LA SESI\u00d3N.<\/p>\n<p style=\"text-align: center;\">APLICAR LA CREMA DESPU\u00c9S DE LA SESI\u00d3N.<\/p>\n<\/blockquote>\n<p>Para mejorar el efecto y asegurarnos de una completa <strong>regeneraci\u00f3n de la piel<\/strong>, seguir aplicando la crema <strong>M-TEX DE COSMECLINIK<\/strong> durante al menos 1 mes despu\u00e9s de acabar las sesiones o incluso m\u00e1s.<\/p>\n<h3 style=\"text-align: center;\"><img loading=\"lazy\" decoding=\"async\" class=\"alignnone size-full wp-image-4458\" src=\"https:\/\/oncoestetica.es\/blog\/wp-content\/uploads\/protege-la-piel.jpg\" alt=\"protege la piel\" width=\"680\" height=\"453\" srcset=\"https:\/\/oncoestetica.es\/blog\/wp-content\/uploads\/protege-la-piel.jpg 680w, https:\/\/oncoestetica.es\/blog\/wp-content\/uploads\/protege-la-piel-300x200.jpg 300w\" sizes=\"auto, (max-width: 680px) 100vw, 680px\" \/><\/h3>\n<h3 style=\"text-align: center;\"><span style=\"color: #800000;\">\u21d3<\/span>CUIDADOS INDISPENSABLES EN RADIOTERAPIA<span style=\"color: #800000;\">\u21d3<\/span><\/h3>\n<p>&nbsp;<\/p>\n<p style=\"font-weight: 400;\">&#8211; Mantenga la piel <strong>hidratada, limpia y seca<\/strong>. Proteja la piel del campo de radiaci\u00f3n con productos espec\u00edficos con Tex-Oe. Se recomienda aplicar 1 vez al d\u00eda al menos 15 d\u00edas antes de empezar y <strong>2 veces al d\u00eda durante el tratamiento.<\/strong><\/p>\n<p style=\"text-align: left;\">&#8211;<strong> No deben frotar<\/strong> bajo ning\u00fan concepto la zona irradiada, sobre todo, si ven que aparece una pigmentaci\u00f3n m\u00e1s oscura, esta pigmentaci\u00f3n desaparecer\u00e1 sola con el tiempo y adem\u00e1s es desaconsejable porque podr\u00edan da\u00f1ar la piel.<\/p>\n<p style=\"text-align: left;\">&#8211;<strong> Tratar de evitar<\/strong> collares, cadenas y el\u00e1sticos que puedan irritar la piel con el roce.<\/p>\n<p style=\"text-align: left;\">&#8211;<strong> Proteger la piel<\/strong> del sol al menos un a\u00f1o tras el tratamiento. Y utilizar pantalla total.<\/p>\n<p style=\"text-align: left;\">&#8211; <strong>Evitar la depilaci\u00f3n<\/strong> de la zona irradiada. El vello en esa zona ir\u00e1 desapareciendo poco a poco durante el tratamiento.<\/p>\n<p style=\"text-align: left;\">&#8211; <strong>La realizaci\u00f3n de tatuajes<\/strong> en la zona irradiada est\u00e1 desaconsejada siempre.<\/p>\n<p style=\"text-align: left;\">&#8211; <strong>No usar<\/strong> perfumes.<\/p>\n<p style=\"text-align: left;\">&#8211; <strong>No aplicar<\/strong> vendas ni esparadrapos.<\/p>\n<p style=\"text-align: left;\">&#8211; <strong>No aplicar<\/strong> hielo o calor.<\/p>\n<p style=\"text-align: left;\">&#8211; <strong>No ba\u00f1arse<\/strong> en piscinas, agua salada, lagos&#8230;<\/p>\n<p style=\"text-align: left;\">&#8211; <strong>Le recomendaremos productos formulados<\/strong> para cuidar su piel durante la radioterapia. La gama Avena Sativa de Cosmeclinik u ONC Dermology son las m\u00e1s id\u00f3neas para este momento.<\/p>\n<p>&nbsp;<\/p>\n<blockquote>\n<h4 style=\"font-weight: 400; text-align: center;\"><strong>No aplique ning\u00fan producto cosm\u00e9tico al menos 2 horas antes de la sesi\u00f3n de radioterapia.<\/strong><\/h4>\n<\/blockquote>\n<h3 style=\"text-align: center;\">\u00bfQuieres informaci\u00f3n sobre efectos de la Quimioterapia?<\/h3>\n<p style=\"text-align: center;\"><a href=\"https:\/\/oncoestetica.es\/blog\/index.php\/efectos-de-la-quimioterapia-en-el-cabello\/\" target=\"_blank\" rel=\"noopener noreferrer\">Efectos de la Quimioterapia en el Cabello<\/a><\/p>\n<p style=\"text-align: center;\"><a href=\"https:\/\/oncoestetica.es\/blog\/index.php\/efectos-de-la-quimioterapia-en-la-piel\/\" target=\"_blank\" rel=\"noopener noreferrer\">Efectos de la Quimioterapia en la Piel<\/a><\/p>\n<p style=\"text-align: center;\"><a href=\"https:\/\/oncoestetica.es\/blog\/index.php\/efectos-de-la-quimioterapia-en-cejas-pestanas-y-unas\/\" target=\"_blank\" rel=\"noopener noreferrer\">Efectos de la Quimioterapia en cejas, pesta\u00f1as y u\u00f1as<\/a><\/p>\n<p style=\"text-align: center;\"><a href=\"https:\/\/oncoestetica.es\/\" target=\"_blank\" rel=\"noopener noreferrer\"><img loading=\"lazy\" decoding=\"async\" class=\"alignnone size-full wp-image-4460\" src=\"https:\/\/oncoestetica.es\/blog\/wp-content\/uploads\/oncoestetica-4.png\" alt=\"oncoestetica\" width=\"444\" height=\"88\" srcset=\"https:\/\/oncoestetica.es\/blog\/wp-content\/uploads\/oncoestetica-4.png 444w, https:\/\/oncoestetica.es\/blog\/wp-content\/uploads\/oncoestetica-4-300x59.png 300w\" sizes=\"auto, (max-width: 444px) 100vw, 444px\" \/><\/a><\/p>\n","protected":false},"excerpt":{"rendered":"<p>Los cambios en la piel producidos por la radioterapia se limitan s\u00f3lo a la zona irradiada, pero tambi\u00e9n pueden afectar a zonas circundantes. Hay que pensar que la radioterapia, en la mayor\u00eda de los casos se aplica despu\u00e9s de la quimioterapia y la piel ya se presenta m\u00e1s seca y sensible. Si vas a recibir [&hellip;]<\/p>\n","protected":false},"author":1,"featured_media":4452,"parent":0,"menu_order":0,"comment_status":"closed","ping_status":"closed","template":"","meta":{"_et_pb_use_builder":"","_et_pb_old_content":"","_et_gb_content_width":"","footnotes":""},"class_list":["post-4448","page","type-page","status-publish","has-post-thumbnail","hentry"],"_links":{"self":[{"href":"https:\/\/oncoestetica.es\/blog\/index.php\/wp-json\/wp\/v2\/pages\/4448","targetHints":{"allow":["GET"]}}],"collection":[{"href":"https:\/\/oncoestetica.es\/blog\/index.php\/wp-json\/wp\/v2\/pages"}],"about":[{"href":"https:\/\/oncoestetica.es\/blog\/index.php\/wp-json\/wp\/v2\/types\/page"}],"author":[{"embeddable":true,"href":"https:\/\/oncoestetica.es\/blog\/index.php\/wp-json\/wp\/v2\/users\/1"}],"replies":[{"embeddable":true,"href":"https:\/\/oncoestetica.es\/blog\/index.php\/wp-json\/wp\/v2\/comments?post=4448"}],"version-history":[{"count":10,"href":"https:\/\/oncoestetica.es\/blog\/index.php\/wp-json\/wp\/v2\/pages\/4448\/revisions"}],"predecessor-version":[{"id":5940,"href":"https:\/\/oncoestetica.es\/blog\/index.php\/wp-json\/wp\/v2\/pages\/4448\/revisions\/5940"}],"wp:featuredmedia":[{"embeddable":true,"href":"https:\/\/oncoestetica.es\/blog\/index.php\/wp-json\/wp\/v2\/media\/4452"}],"wp:attachment":[{"href":"https:\/\/oncoestetica.es\/blog\/index.php\/wp-json\/wp\/v2\/media?parent=4448"}],"curies":[{"name":"wp","href":"https:\/\/api.w.org\/{rel}","templated":true}]}}