{"id":4716,"date":"2017-07-01T14:04:48","date_gmt":"2017-07-01T12:04:48","guid":{"rendered":"https:\/\/oncoestetica.es\/blog\/?page_id=4716"},"modified":"2020-10-06T17:07:50","modified_gmt":"2020-10-06T15:07:50","slug":"alopecia-por-radioterapia","status":"publish","type":"page","link":"https:\/\/oncoestetica.es\/blog\/index.php\/alopecia-por-radioterapia\/","title":{"rendered":"Alopecia por Radioterapia."},"content":{"rendered":"<p>La<strong> Alopecia por Radioterapia<\/strong> puede ser un efecto secundario del<strong> tratamiento de Radioterapia<\/strong>. Durante los <strong>tratamientos oncol\u00f3gicos<\/strong> asociamos siempre el<strong> tratamiento de quimioterapia<\/strong> con la <strong>ca\u00edda del pelo<\/strong>.<\/p>\n<p>Los<strong> tratamientos oncol\u00f3gicos<\/strong> pueden ser muy diversos y se personalizan en cada paciente, por lo que primero os informaremos sobre los efectos secundarios derivados de la<a href=\"https:\/\/oncoestetica.es\/blog\/index.php\/quimioterapia\/\" target=\"_blank\" rel=\"noopener noreferrer\"><strong> quimioterapia<\/strong> <\/a>y la <strong>radioterapia<\/strong>.<\/p>\n<p style=\"text-align: center;\"><img loading=\"lazy\" decoding=\"async\" class=\"alignnone size-full wp-image-4717\" src=\"https:\/\/oncoestetica.es\/blog\/wp-content\/uploads\/alopecia-por-radioterapia.jpg\" alt=\"alopecia por radioterapia\" width=\"580\" height=\"435\" srcset=\"https:\/\/oncoestetica.es\/blog\/wp-content\/uploads\/alopecia-por-radioterapia.jpg 580w, https:\/\/oncoestetica.es\/blog\/wp-content\/uploads\/alopecia-por-radioterapia-300x225.jpg 300w\" sizes=\"auto, (max-width: 580px) 100vw, 580px\" \/><\/p>\n<h3 style=\"text-align: center;\"><span style=\"color: #800000;\">\u21d3<span style=\"color: #000000;\">A<\/span><\/span><span style=\"color: #000000;\">lopecia producida por la Radioterapia<\/span><span style=\"color: #800000;\">\u21d3<\/span><\/h3>\n<blockquote>\n<p style=\"text-align: center;\">La <strong>radioterapia<\/strong>, aplicada en la cabeza, produce una p\u00e9rdida de cabello temporal o permanente.<\/p>\n<\/blockquote>\n<p>Una vez se han aplicado de 3 a 5 sesiones, podemos empezar a observar una ca\u00edda m\u00e1s abundante de cabello que puede estar delimitada a la<strong> zona irradiada<\/strong>.<\/p>\n<p>Generalmente <strong>el cabello se cae<\/strong> por la zona de la cabeza por donde entra el haz de radiaci\u00f3n y tambi\u00e9n se ve afectada, en ocasiones,\u00a0 otras zonas a las que tambi\u00e9n les llega la radiaci\u00f3n.<\/p>\n<p>En <strong>la zona irradiada<\/strong> se va <strong>perdiendo el cabello<\/strong> y no se puede valorar su recuperaci\u00f3n hasta no se terminan las sesiones y pasa alg\u00fan tiempo.<\/p>\n<blockquote><p><span style=\"color: #800000;\"><em>Necesitaremos de 6 a 9 meses para valorar el estado del cabello y su recuperaci\u00f3n completa antes de hacer una valoraci\u00f3n definitiva.<\/em><\/span><\/p><\/blockquote>\n<p><strong>La <a href=\"https:\/\/oncoestetica.es\/blog\/index.php\/efectos-radioterapia\/\" target=\"_blank\" rel=\"noopener noreferrer\">radioterapia<\/a><\/strong> en el cuero cabelludo puede <strong>provocar alopecia permanente<\/strong> en mayor o menor grado dependiendo del numero de sesiones aplicadas y de la intensidad de las mismas.<\/p>\n<p>Esta<strong> alopecia por radioterapia<\/strong> solo afecta a la zona irradiada y no tiene porque afectar a otras zonas del cuero cabelludo o generar un <strong>p\u00e9rdida total del pelo<\/strong> durante las sesiones.<\/p>\n<p>Dependiendo de la zona a tratar, se recomienda <strong>cortar el cabello<\/strong> y hacer usa de<strong><a href=\"https:\/\/oncoestetica.es\/categoria\/gorros-y-panuelos\" target=\"_blank\" rel=\"noopener noreferrer\"> pa\u00f1uelos<\/a> o <a href=\"https:\/\/oncoestetica.es\/categoria\/pelucas-raquel-welch-alopecia-quimioterapia\" target=\"_blank\" rel=\"noopener noreferrer\">pelucas<\/a><\/strong> si fuera necesario.<\/p>\n<h3 style=\"text-align: center;\"><\/h3>\n<h3 style=\"text-align: center;\"><a href=\"https:\/\/oncoestetica.es\/categoria\/pelucas-raquel-welch-alopecia-quimioterapia\"><img loading=\"lazy\" decoding=\"async\" class=\"alignnone  wp-image-5380\" src=\"https:\/\/oncoestetica.es\/blog\/wp-content\/uploads\/peluca-prime-power-encore.png\" alt=\"\" width=\"374\" height=\"374\" srcset=\"https:\/\/oncoestetica.es\/blog\/wp-content\/uploads\/peluca-prime-power-encore.png 800w, https:\/\/oncoestetica.es\/blog\/wp-content\/uploads\/peluca-prime-power-encore-150x150.png 150w, https:\/\/oncoestetica.es\/blog\/wp-content\/uploads\/peluca-prime-power-encore-300x300.png 300w, https:\/\/oncoestetica.es\/blog\/wp-content\/uploads\/peluca-prime-power-encore-768x768.png 768w\" sizes=\"auto, (max-width: 374px) 100vw, 374px\" \/><\/a><\/h3>\n<h3 style=\"text-align: center;\"><\/h3>\n<h3 style=\"text-align: center;\"><span style=\"color: #000000;\"><a style=\"color: #000000;\" href=\"https:\/\/oncoestetica.es\/contactanos\" target=\"_blank\" rel=\"noopener noreferrer\"><strong>\u00bfTienes dudas? \u00a1Queremos ayudarte!<\/strong><\/a><\/span><\/h3>\n<p style=\"text-align: center;\"><a href=\"https:\/\/oncoestetica.es\/\" target=\"_blank\" rel=\"noopener noreferrer\"><img loading=\"lazy\" decoding=\"async\" class=\"alignnone size-full wp-image-4720\" src=\"https:\/\/oncoestetica.es\/blog\/wp-content\/uploads\/oncoestetica-5.png\" alt=\"oncoestetica\" width=\"448\" height=\"89\" srcset=\"https:\/\/oncoestetica.es\/blog\/wp-content\/uploads\/oncoestetica-5.png 448w, https:\/\/oncoestetica.es\/blog\/wp-content\/uploads\/oncoestetica-5-300x60.png 300w\" sizes=\"auto, (max-width: 448px) 100vw, 448px\" \/><\/a><\/p>\n","protected":false},"excerpt":{"rendered":"<p>La Alopecia por Radioterapia puede ser un efecto secundario del tratamiento de Radioterapia. Durante los tratamientos oncol\u00f3gicos asociamos siempre el tratamiento de quimioterapia con la ca\u00edda del pelo. Los tratamientos oncol\u00f3gicos pueden ser muy diversos y se personalizan en cada paciente, por lo que primero os informaremos sobre los efectos secundarios derivados de la quimioterapia [&hellip;]<\/p>\n","protected":false},"author":1,"featured_media":0,"parent":0,"menu_order":0,"comment_status":"closed","ping_status":"closed","template":"","meta":{"_et_pb_use_builder":"","_et_pb_old_content":"","_et_gb_content_width":"","footnotes":""},"class_list":["post-4716","page","type-page","status-publish","hentry"],"_links":{"self":[{"href":"https:\/\/oncoestetica.es\/blog\/index.php\/wp-json\/wp\/v2\/pages\/4716","targetHints":{"allow":["GET"]}}],"collection":[{"href":"https:\/\/oncoestetica.es\/blog\/index.php\/wp-json\/wp\/v2\/pages"}],"about":[{"href":"https:\/\/oncoestetica.es\/blog\/index.php\/wp-json\/wp\/v2\/types\/page"}],"author":[{"embeddable":true,"href":"https:\/\/oncoestetica.es\/blog\/index.php\/wp-json\/wp\/v2\/users\/1"}],"replies":[{"embeddable":true,"href":"https:\/\/oncoestetica.es\/blog\/index.php\/wp-json\/wp\/v2\/comments?post=4716"}],"version-history":[{"count":7,"href":"https:\/\/oncoestetica.es\/blog\/index.php\/wp-json\/wp\/v2\/pages\/4716\/revisions"}],"predecessor-version":[{"id":5651,"href":"https:\/\/oncoestetica.es\/blog\/index.php\/wp-json\/wp\/v2\/pages\/4716\/revisions\/5651"}],"wp:attachment":[{"href":"https:\/\/oncoestetica.es\/blog\/index.php\/wp-json\/wp\/v2\/media?parent=4716"}],"curies":[{"name":"wp","href":"https:\/\/api.w.org\/{rel}","templated":true}]}}